{"id":539,"date":"2019-02-25T12:39:29","date_gmt":"2019-02-25T17:39:29","guid":{"rendered":"http:\/\/vaporautode.com\/index.php\/wash-menu\/"},"modified":"2022-06-30T16:21:13","modified_gmt":"2022-06-30T21:21:13","slug":"wash-menu","status":"publish","type":"page","link":"https:\/\/vaporautode.com\/index.php\/wash-menu\/","title":{"rendered":"Dispositivos GPS"},"content":{"rendered":"\t\t<div data-elementor-type=\"wp-post\" data-elementor-id=\"539\" class=\"elementor elementor-539\">\n\t\t\t\t\t\t\t\t\t<section class=\"elementor-section elementor-top-section elementor-element elementor-element-5b11abd elementor-section-content-bottom elementor-section-boxed elementor-section-height-default elementor-section-height-default\" data-id=\"5b11abd\" data-element_type=\"section\" data-settings=\"{&quot;background_background&quot;:&quot;classic&quot;}\">\n\t\t\t\t\t\t\t<div class=\"elementor-background-overlay\"><\/div>\n\t\t\t\t\t\t\t<div class=\"elementor-container elementor-column-gap-no\">\n\t\t\t\t\t<div class=\"elementor-column elementor-col-100 elementor-top-column elementor-element elementor-element-7e4508d\" data-id=\"7e4508d\" data-element_type=\"column\">\n\t\t\t<div class=\"elementor-widget-wrap elementor-element-populated\">\n\t\t\t\t\t\t\t\t<div class=\"elementor-element elementor-element-f9ae01b elementor-widget elementor-widget-heading\" data-id=\"f9ae01b\" data-element_type=\"widget\" data-widget_type=\"heading.default\">\n\t\t\t\t<div class=\"elementor-widget-container\">\n\t\t\t<style>\/*! elementor - v3.6.7 - 03-07-2022 *\/\n.elementor-heading-title{padding:0;margin:0;line-height:1}.elementor-widget-heading .elementor-heading-title[class*=elementor-size-]>a{color:inherit;font-size:inherit;line-height:inherit}.elementor-widget-heading .elementor-heading-title.elementor-size-small{font-size:15px}.elementor-widget-heading .elementor-heading-title.elementor-size-medium{font-size:19px}.elementor-widget-heading .elementor-heading-title.elementor-size-large{font-size:29px}.elementor-widget-heading .elementor-heading-title.elementor-size-xl{font-size:39px}.elementor-widget-heading .elementor-heading-title.elementor-size-xxl{font-size:59px}<\/style><h1 class=\"elementor-heading-title elementor-size-default\">localizador gps<\/h1>\t\t<\/div>\n\t\t\t\t<\/div>\n\t\t\t\t\t<\/div>\n\t\t<\/div>\n\t\t\t\t\t\t\t<\/div>\n\t\t<\/section>\n\t\t\t\t<section class=\"elementor-section elementor-inner-section elementor-element elementor-element-397d3c7e elementor-section-boxed elementor-section-height-default elementor-section-height-default\" data-id=\"397d3c7e\" data-element_type=\"section\">\n\t\t\t\t\t\t<div class=\"elementor-container elementor-column-gap-no\">\n\t\t\t\t\t<div class=\"elementor-column elementor-col-33 elementor-inner-column elementor-element elementor-element-1aed72c1\" data-id=\"1aed72c1\" data-element_type=\"column\">\n\t\t\t<div class=\"elementor-widget-wrap elementor-element-populated\">\n\t\t\t\t\t\t\t\t<div class=\"elementor-element elementor-element-41ebbe8d elementor-widget elementor-widget-heading\" data-id=\"41ebbe8d\" data-element_type=\"widget\" data-widget_type=\"heading.default\">\n\t\t\t\t<div class=\"elementor-widget-container\">\n\t\t\t<h6 class=\"elementor-heading-title elementor-size-default\">descubra por qu\u00e9 su veh\u00edculo<\/h6>\t\t<\/div>\n\t\t\t\t<\/div>\n\t\t\t\t<div class=\"elementor-element elementor-element-63a0df0d elementor-widget elementor-widget-heading\" data-id=\"63a0df0d\" data-element_type=\"widget\" data-widget_type=\"heading.default\">\n\t\t\t\t<div class=\"elementor-widget-container\">\n\t\t\t<h2 class=\"elementor-heading-title elementor-size-default\">necesita un localizador gps<\/h2>\t\t<\/div>\n\t\t\t\t<\/div>\n\t\t\t\t<div class=\"elementor-element elementor-element-00b3520 elementor-widget elementor-widget-text-editor\" data-id=\"00b3520\" data-element_type=\"widget\" data-widget_type=\"text-editor.default\">\n\t\t\t\t<div class=\"elementor-widget-container\">\n\t\t\t<style>\/*! elementor - v3.6.7 - 03-07-2022 *\/\n.elementor-widget-text-editor.elementor-drop-cap-view-stacked .elementor-drop-cap{background-color:#818a91;color:#fff}.elementor-widget-text-editor.elementor-drop-cap-view-framed .elementor-drop-cap{color:#818a91;border:3px solid;background-color:transparent}.elementor-widget-text-editor:not(.elementor-drop-cap-view-default) .elementor-drop-cap{margin-top:8px}.elementor-widget-text-editor:not(.elementor-drop-cap-view-default) .elementor-drop-cap-letter{width:1em;height:1em}.elementor-widget-text-editor .elementor-drop-cap{float:left;text-align:center;line-height:1;font-size:50px}.elementor-widget-text-editor .elementor-drop-cap-letter{display:inline-block}<\/style>\t\t\t\t<div class=\"b b-text cf\"><div class=\"b-c b-text-c b-s b-s-t60 b-s-b60 b-cs cf\"><p id=\"wnd_TextBlock_90290_inner_0\" class=\"wnd-align-justify\" data-wnd_is_separable=\"1\" data-wnd_separable_index=\"0\" data-wnd_separable_id=\"wnd_TextBlock_90290\"><span class=\"wsw-02\">El 4G LTE GPS de Vaporauto es un dispositivo de seguimiento de veh\u00edculos 4G CAT1 global, que admite la tecnolog\u00eda de posicionamiento dual GPS\/BDS, realiza el posicionamiento en micro segundos y la transmisi\u00f3n de retorno de baja latencia, m\u00e1s de 10 mecanismos de alarma para proteger los veh\u00edculos, y puede ser ampliamente utilizado en empresas de alquiler de autom\u00f3viles, log\u00edstica, empresas transportadoras, flotas, taxis, camiones, furgones, maquinaria, monta cargas, motos y veh\u00edculos de uso particular.\u00a0<\/span><\/p><p id=\"wnd_TextBlock_90290_inner_1\" class=\"wnd-align-justify\" data-wnd_is_separable=\"1\" data-wnd_separable_index=\"1\" data-wnd_separable_id=\"wnd_TextBlock_90290\"><span class=\"wsw-02\">Nuestro localizador GPS proporciona seguimiento en tiempo real con actualizaciones r\u00e1pidas. Simplemente puede monitorear la actividad, crear alertas y producir informes personalizados <span>gracias<\/span> a la interfaz de nuestro sistema de seguimiento, WhatsGPS,\u00a0 Puede acceder en tiempo real desde su tel\u00e9fono inteligente, Mac o PC.<\/span><\/p><p id=\"wnd_TextBlock_90290_inner_2\" class=\"wnd-align-justify\" data-wnd_is_separable=\"1\" data-wnd_separable_index=\"2\" data-wnd_separable_id=\"wnd_TextBlock_90290\"><span class=\"wsw-02\">La carcasa de est<span>e rastreador resistente al agua IP65, puede funcionar en un entorno de humedad del 5% al \u200b\u200b95% y en un entorno de alta temperatura de hasta +70 \u2103.<\/span><\/span><\/p><\/div><\/div>\t\t\t\t\t\t<\/div>\n\t\t\t\t<\/div>\n\t\t\t\t\t<\/div>\n\t\t<\/div>\n\t\t\t\t<div class=\"elementor-column elementor-col-66 elementor-inner-column elementor-element elementor-element-45e48073\" data-id=\"45e48073\" data-element_type=\"column\">\n\t\t\t<div class=\"elementor-widget-wrap elementor-element-populated\">\n\t\t\t\t\t\t\t\t<div class=\"elementor-element elementor-element-906dbad elementor-widget elementor-widget-spacer\" data-id=\"906dbad\" data-element_type=\"widget\" data-widget_type=\"spacer.default\">\n\t\t\t\t<div class=\"elementor-widget-container\">\n\t\t\t<style>\/*! elementor - v3.6.7 - 03-07-2022 *\/\n.e-container.e-container--row .elementor-spacer-inner{width:var(--spacer-size)}.e-container.e-container--column .elementor-spacer-inner,.elementor-column .elementor-spacer-inner{height:var(--spacer-size)}<\/style>\t\t<div class=\"elementor-spacer\">\n\t\t\t<div class=\"elementor-spacer-inner\"><\/div>\n\t\t<\/div>\n\t\t\t\t<\/div>\n\t\t\t\t<\/div>\n\t\t\t\t<div class=\"elementor-element elementor-element-cdcb09d elementor-widget elementor-widget-heading\" data-id=\"cdcb09d\" data-element_type=\"widget\" data-widget_type=\"heading.default\">\n\t\t\t\t<div class=\"elementor-widget-container\">\n\t\t\t<h2 class=\"elementor-heading-title elementor-size-default\">solicite su gps <\/h2>\t\t<\/div>\n\t\t\t\t<\/div>\n\t\t\t\t<div class=\"elementor-element elementor-element-25ac9eb3 elementor-widget elementor-widget-shortcode\" data-id=\"25ac9eb3\" data-element_type=\"widget\" data-widget_type=\"shortcode.default\">\n\t\t\t\t<div class=\"elementor-widget-container\">\n\t\t\t\t\t<div class=\"elementor-shortcode\"><div class=\"wpforms-container \" id=\"wpforms-8\"><form id=\"wpforms-form-8\" class=\"wpforms-validate wpforms-form\" data-formid=\"8\" method=\"post\" enctype=\"multipart\/form-data\" action=\"\/index.php\/wp-json\/wp\/v2\/pages\/539\" data-token=\"8890643260da8b87e24cbecc54224aea\"><noscript class=\"wpforms-error-noscript\">Por favor, activa JavaScript en tu navegador para completar este formulario.<\/noscript><div class=\"wpforms-field-container\"><div id=\"wpforms-8-field_0-container\" class=\"wpforms-field wpforms-field-name\" data-field-id=\"0\"><label class=\"wpforms-field-label\" for=\"wpforms-8-field_0\">Nombre: <span class=\"wpforms-required-label\">*<\/span><\/label><input type=\"text\" id=\"wpforms-8-field_0\" class=\"wpforms-field-large wpforms-field-required\" name=\"wpforms[fields][0]\" required><\/div><div id=\"wpforms-8-field_1-container\" class=\"wpforms-field wpforms-field-email\" data-field-id=\"1\"><label class=\"wpforms-field-label\" for=\"wpforms-8-field_1\">E-mail: <span class=\"wpforms-required-label\">*<\/span><\/label><input type=\"email\" id=\"wpforms-8-field_1\" class=\"wpforms-field-large wpforms-field-required\" name=\"wpforms[fields][1]\" required><\/div><div id=\"wpforms-8-field_6-container\" class=\"wpforms-field wpforms-field-number\" data-field-id=\"6\"><label class=\"wpforms-field-label\" for=\"wpforms-8-field_6\">Celular <span class=\"wpforms-required-label\">*<\/span><\/label><input type=\"number\" pattern=\"\\d*\" id=\"wpforms-8-field_6\" class=\"wpforms-field-medium wpforms-field-required\" name=\"wpforms[fields][6]\" required><\/div><div id=\"wpforms-8-field_2-container\" class=\"wpforms-field wpforms-field-textarea\" data-field-id=\"2\"><label class=\"wpforms-field-label\" for=\"wpforms-8-field_2\">Mensaje: <span class=\"wpforms-required-label\">*<\/span><\/label><textarea id=\"wpforms-8-field_2\" class=\"wpforms-field-large wpforms-field-required\" name=\"wpforms[fields][2]\" required><\/textarea><\/div><\/div><div class=\"wpforms-field wpforms-field-hp\"><label for=\"wpforms-8-field-hp\" class=\"wpforms-field-label\">Comment<\/label><input type=\"text\" name=\"wpforms[hp]\" id=\"wpforms-8-field-hp\" class=\"wpforms-field-medium\"><\/div><div class=\"wpforms-submit-container\"><input type=\"hidden\" name=\"wpforms[id]\" value=\"8\"><input type=\"hidden\" name=\"wpforms[author]\" value=\"1\"><button type=\"submit\" name=\"wpforms[submit]\" id=\"wpforms-submit-8\" class=\"wpforms-submit\" data-alt-text=\"Sending...\" data-submit-text=\"Send\" aria-live=\"assertive\" value=\"wpforms-submit\">Send<\/button><\/div><\/form><\/div>  <!-- .wpforms-container --><\/div>\n\t\t\t\t<\/div>\n\t\t\t\t<\/div>\n\t\t\t\t\t<\/div>\n\t\t<\/div>\n\t\t\t\t\t\t\t<\/div>\n\t\t<\/section>\n\t\t\t\t<section class=\"elementor-section elementor-top-section elementor-element elementor-element-3834dc6 elementor-section-boxed elementor-section-height-default elementor-section-height-default\" data-id=\"3834dc6\" data-element_type=\"section\" data-settings=\"{&quot;background_background&quot;:&quot;classic&quot;}\">\n\t\t\t\t\t\t<div class=\"elementor-container elementor-column-gap-no\">\n\t\t\t\t\t<div class=\"elementor-column elementor-col-100 elementor-top-column elementor-element elementor-element-2e7a16d\" data-id=\"2e7a16d\" data-element_type=\"column\" data-settings=\"{&quot;background_background&quot;:&quot;classic&quot;}\">\n\t\t\t<div class=\"elementor-widget-wrap elementor-element-populated\">\n\t\t\t\t\t\t\t\t<section class=\"elementor-section elementor-inner-section elementor-element elementor-element-87398b8 elementor-section-content-top elementor-section-full_width elementor-section-height-default elementor-section-height-default\" data-id=\"87398b8\" data-element_type=\"section\">\n\t\t\t\t\t\t<div class=\"elementor-container elementor-column-gap-no\">\n\t\t\t\t\t<div class=\"elementor-column elementor-col-33 elementor-inner-column elementor-element elementor-element-1e71547\" data-id=\"1e71547\" data-element_type=\"column\">\n\t\t\t<div class=\"elementor-widget-wrap elementor-element-populated\">\n\t\t\t\t\t\t\t\t<div class=\"elementor-element elementor-element-a297b07 elementor-position-top elementor-vertical-align-top elementor-widget elementor-widget-image-box\" data-id=\"a297b07\" data-element_type=\"widget\" data-widget_type=\"image-box.default\">\n\t\t\t\t<div class=\"elementor-widget-container\">\n\t\t\t<style>\/*! elementor - v3.6.7 - 03-07-2022 *\/\n.elementor-widget-image-box .elementor-image-box-content{width:100%}@media (min-width:768px){.elementor-widget-image-box.elementor-position-left .elementor-image-box-wrapper,.elementor-widget-image-box.elementor-position-right .elementor-image-box-wrapper{display:-webkit-box;display:-ms-flexbox;display:flex}.elementor-widget-image-box.elementor-position-right .elementor-image-box-wrapper{text-align:right;-webkit-box-orient:horizontal;-webkit-box-direction:reverse;-ms-flex-direction:row-reverse;flex-direction:row-reverse}.elementor-widget-image-box.elementor-position-left .elementor-image-box-wrapper{text-align:left;-webkit-box-orient:horizontal;-webkit-box-direction:normal;-ms-flex-direction:row;flex-direction:row}.elementor-widget-image-box.elementor-position-top .elementor-image-box-img{margin:auto}.elementor-widget-image-box.elementor-vertical-align-top .elementor-image-box-wrapper{-webkit-box-align:start;-ms-flex-align:start;align-items:flex-start}.elementor-widget-image-box.elementor-vertical-align-middle .elementor-image-box-wrapper{-webkit-box-align:center;-ms-flex-align:center;align-items:center}.elementor-widget-image-box.elementor-vertical-align-bottom .elementor-image-box-wrapper{-webkit-box-align:end;-ms-flex-align:end;align-items:flex-end}}@media (max-width:767px){.elementor-widget-image-box .elementor-image-box-img{margin-left:auto!important;margin-right:auto!important;margin-bottom:15px}}.elementor-widget-image-box .elementor-image-box-img{display:inline-block}.elementor-widget-image-box .elementor-image-box-title a{color:inherit}.elementor-widget-image-box .elementor-image-box-wrapper{text-align:center}.elementor-widget-image-box .elementor-image-box-description{margin:0}<\/style><div class=\"elementor-image-box-wrapper\"><figure class=\"elementor-image-box-img\"><a href=\"#\"><img width=\"500\" height=\"380\" src=\"https:\/\/vaporautode.com\/wp-content\/uploads\/2022\/06\/gps1.jpg\" class=\"attachment-full size-full\" alt=\"\" loading=\"lazy\" \/><\/a><\/figure><div class=\"elementor-image-box-content\"><h5 class=\"elementor-image-box-title\"><a href=\"#\">tecnolog\u00eda de posicionamiento dual GPS\/BDS<\/a><\/h5><\/div><\/div>\t\t<\/div>\n\t\t\t\t<\/div>\n\t\t\t\t\t<\/div>\n\t\t<\/div>\n\t\t\t\t<div class=\"elementor-column elementor-col-33 elementor-inner-column elementor-element elementor-element-2c5e66a\" data-id=\"2c5e66a\" data-element_type=\"column\">\n\t\t\t<div class=\"elementor-widget-wrap elementor-element-populated\">\n\t\t\t\t\t\t\t\t<div class=\"elementor-element elementor-element-adb5f55 elementor-position-top elementor-vertical-align-top elementor-widget elementor-widget-image-box\" data-id=\"adb5f55\" data-element_type=\"widget\" data-widget_type=\"image-box.default\">\n\t\t\t\t<div class=\"elementor-widget-container\">\n\t\t\t<div class=\"elementor-image-box-wrapper\"><figure class=\"elementor-image-box-img\"><a href=\"#\"><img width=\"500\" height=\"380\" src=\"https:\/\/vaporautode.com\/wp-content\/uploads\/2022\/06\/gps2.jpg\" class=\"attachment-full size-full\" alt=\"\" loading=\"lazy\" \/><\/a><\/figure><div class=\"elementor-image-box-content\"><h5 class=\"elementor-image-box-title\"><a href=\"#\">seguimiento en tiempo real desde su smartphone<\/a><\/h5><\/div><\/div>\t\t<\/div>\n\t\t\t\t<\/div>\n\t\t\t\t\t<\/div>\n\t\t<\/div>\n\t\t\t\t<div class=\"elementor-column elementor-col-33 elementor-inner-column elementor-element elementor-element-4a2fa5a\" data-id=\"4a2fa5a\" data-element_type=\"column\">\n\t\t\t<div class=\"elementor-widget-wrap elementor-element-populated\">\n\t\t\t\t\t\t\t\t<div class=\"elementor-element elementor-element-e2f5c73 elementor-position-top elementor-vertical-align-top elementor-widget elementor-widget-image-box\" data-id=\"e2f5c73\" data-element_type=\"widget\" data-widget_type=\"image-box.default\">\n\t\t\t\t<div class=\"elementor-widget-container\">\n\t\t\t<div class=\"elementor-image-box-wrapper\"><figure class=\"elementor-image-box-img\"><a href=\"#\"><img width=\"500\" height=\"380\" src=\"https:\/\/vaporautode.com\/wp-content\/uploads\/2022\/06\/gps3.jpg\" class=\"attachment-full size-full\" alt=\"\" loading=\"lazy\" \/><\/a><\/figure><div class=\"elementor-image-box-content\"><h5 class=\"elementor-image-box-title\"><a href=\"#\">m\u00e1s de 10 mecanismos de alarma para proteger su veh\u00edculo<\/a><\/h5><\/div><\/div>\t\t<\/div>\n\t\t\t\t<\/div>\n\t\t\t\t\t<\/div>\n\t\t<\/div>\n\t\t\t\t\t\t\t<\/div>\n\t\t<\/section>\n\t\t\t\t\t<\/div>\n\t\t<\/div>\n\t\t\t\t\t\t\t<\/div>\n\t\t<\/section>\n\t\t\t\t<section class=\"elementor-section elementor-top-section elementor-element elementor-element-b401e79 elementor-section-boxed elementor-section-height-default elementor-section-height-default\" data-id=\"b401e79\" data-element_type=\"section\">\n\t\t\t\t\t\t<div class=\"elementor-container elementor-column-gap-default\">\n\t\t\t\t\t<div class=\"elementor-column elementor-col-100 elementor-top-column elementor-element elementor-element-d2665a9\" data-id=\"d2665a9\" data-element_type=\"column\">\n\t\t\t<div class=\"elementor-widget-wrap elementor-element-populated\">\n\t\t\t\t\t\t\t\t<div class=\"elementor-element elementor-element-12a29ee elementor-widget elementor-widget-heading\" data-id=\"12a29ee\" data-element_type=\"widget\" data-widget_type=\"heading.default\">\n\t\t\t\t<div class=\"elementor-widget-container\">\n\t\t\t<h2 class=\"elementor-heading-title elementor-size-default\">Principales Caracter\u00edsticas:<\/h2>\t\t<\/div>\n\t\t\t\t<\/div>\n\t\t\t\t<div class=\"elementor-element elementor-element-a07bda9 elementor-widget elementor-widget-text-editor\" data-id=\"a07bda9\" data-element_type=\"widget\" data-widget_type=\"text-editor.default\">\n\t\t\t\t<div class=\"elementor-widget-container\">\n\t\t\t\t\t\t\t\t\t\t\t\t\t<\/div>\n\t\t\t\t<\/div>\n\t\t\t\t\t<\/div>\n\t\t<\/div>\n\t\t\t\t\t\t\t<\/div>\n\t\t<\/section>\n\t\t\t\t<section class=\"elementor-section elementor-top-section elementor-element elementor-element-2abc1f6 elementor-section-boxed elementor-section-height-default elementor-section-height-default\" data-id=\"2abc1f6\" data-element_type=\"section\">\n\t\t\t\t\t\t<div class=\"elementor-container elementor-column-gap-default\">\n\t\t\t\t\t<div class=\"elementor-column elementor-col-50 elementor-top-column elementor-element elementor-element-a68cb13\" data-id=\"a68cb13\" data-element_type=\"column\">\n\t\t\t<div class=\"elementor-widget-wrap elementor-element-populated\">\n\t\t\t\t\t\t\t\t<div class=\"elementor-element elementor-element-000985d elementor-widget elementor-widget-text-editor\" data-id=\"000985d\" data-element_type=\"widget\" data-widget_type=\"text-editor.default\">\n\t\t\t\t<div class=\"elementor-widget-container\">\n\t\t\t\t\t\t\t<div><div><h6 data-wnd_is_separable=\"1\" data-wnd_separable_index=\"0\" data-wnd_separable_id=\"wnd_TextBlock_17317\">Alarma de vibraci\u00f3n<\/h6><p data-wnd_is_separable=\"1\" data-wnd_separable_index=\"1\" data-wnd_separable_id=\"wnd_TextBlock_17317\">Con sensor de vibraci\u00f3n incorporado, se enviar\u00e1 una alarma inmediatamente cuando el veh\u00edculo tenga una vibraci\u00f3n anormal.<\/p><h6 data-wnd_is_separable=\"1\" data-wnd_separable_index=\"2\" data-wnd_separable_id=\"wnd_TextBlock_17317\">Corte de combustible y control de potencia remotos<\/h6><\/div><\/div><div><div><p data-wnd_is_separable=\"1\" data-wnd_separable_index=\"0\" data-wnd_separable_id=\"wnd_TextBlock_25651\">El propietario puede controlar el veh\u00edculo de forma remota desconectando el combustible y la electricidad.<\/p><h6 data-wnd_is_separable=\"1\" data-wnd_separable_index=\"1\" data-wnd_separable_id=\"wnd_TextBlock_25651\">Detecci\u00f3n de ACC<\/h6><p data-wnd_is_separable=\"1\" data-wnd_separable_index=\"2\" data-wnd_separable_id=\"wnd_TextBlock_25651\">Los propietarios pueden usar la detecci\u00f3n ACC para ver si su veh\u00edculo tiene encendido.<\/p><h6 data-wnd_is_separable=\"1\" data-wnd_separable_index=\"3\" data-wnd_separable_id=\"wnd_TextBlock_25651\">Alarma de exceso de velocidad<\/h6><p data-wnd_is_separable=\"1\" data-wnd_separable_index=\"4\" data-wnd_separable_id=\"wnd_TextBlock_25651\">Alerta inmediatamente cuando el veh\u00edculo es conducido a velocidad excesiva.<\/p><h6 data-wnd_is_separable=\"1\" data-wnd_separable_index=\"5\" data-wnd_separable_id=\"wnd_TextBlock_25651\">Alarma de falla de energ\u00eda<\/h6><p data-wnd_is_separable=\"1\" data-wnd_separable_index=\"6\" data-wnd_separable_id=\"wnd_TextBlock_25651\">Alertas cuando el veh\u00edculo est\u00e1 apagado.<\/p><h6 data-wnd_is_separable=\"1\" data-wnd_separable_index=\"7\" data-wnd_separable_id=\"wnd_TextBlock_25651\">Reproducci\u00f3n de pistas<\/h6><p data-wnd_is_separable=\"1\" data-wnd_separable_index=\"8\" data-wnd_separable_id=\"wnd_TextBlock_25651\">Puede ver el seguimiento del veh\u00edculo durante los \u00faltimos 6 meses reproduci\u00e9ndolo en la plataforma.<\/p><\/div><\/div>\t\t\t\t\t\t<\/div>\n\t\t\t\t<\/div>\n\t\t\t\t\t<\/div>\n\t\t<\/div>\n\t\t\t\t<div class=\"elementor-column elementor-col-50 elementor-top-column elementor-element elementor-element-cb9930a\" data-id=\"cb9930a\" data-element_type=\"column\">\n\t\t\t<div class=\"elementor-widget-wrap elementor-element-populated\">\n\t\t\t\t\t\t\t\t<div class=\"elementor-element elementor-element-64948cb elementor-widget elementor-widget-text-editor\" data-id=\"64948cb\" data-element_type=\"widget\" data-widget_type=\"text-editor.default\">\n\t\t\t\t<div class=\"elementor-widget-container\">\n\t\t\t\t\t\t\t<div><div><h6 data-wnd_is_separable=\"1\" data-wnd_separable_index=\"9\" data-wnd_separable_id=\"wnd_TextBlock_25651\">Geocerca:<\/h6><\/div><\/div><div><div><p data-wnd_is_separable=\"1\" data-wnd_separable_index=\"10\" data-wnd_separable_id=\"wnd_TextBlock_25651\">Con \u00e9sta funci\u00f3n podr\u00e1 generar una zona por donde transitara el veh\u00edculo, en caso de salir de esa zona delimitada se activara una alarma que llegara a sus dispositivo m\u00f3vil.<\/p><div class=\"b b-text cf\"><div class=\"b-c b-text-c b-s b-s-t60 b-s-b60 b-cs cf\"><h6 class=\"wnd-align-justify\"><strong><span class=\"wsw-02\">Rastree f\u00e1cilmente lo que m\u00e1s importa<\/span><\/strong><\/h6><p class=\"wnd-align-justify\"><span class=\"wsw-02\">Nuestro sistema de rastreo GPS puede satisfacer las necesidades b\u00e1sicas de los usuarios, como monitoreo de veh\u00edculos, alarmas autom\u00e1ticas, etc.\u00a0<\/span><\/p><p class=\"wnd-align-justify\"><span class=\"wsw-02\">WhatsGPS tambi\u00e9n se puede mostrar en diferentes dispositivos. Con la aplicaci\u00f3n m\u00f3vil gratuita WhatsGPS para iPhone y Android, sus alertas lo acompa\u00f1an: obtenga actualizaciones de ubicaci\u00f3n en tiempo real en su tel\u00e9fono, tableta o computadora. Adem\u00e1s, podr\u00e1 personalizar las alertas para saber d\u00f3nde est\u00e1 su localizador GPS en todo momento.\u00a0<\/span><\/p><\/div><\/div><div class=\"b b-text cf\"><div class=\"b-c b-text-c b-s b-s-t60 b-s-b60 b-cs cf\"><h6 class=\"wnd-align-justify\"><span class=\"wsw-02\"><strong>R\u00e1pido, Precisi\u00f3n, Estable<\/strong><\/span><\/h6><p class=\"wnd-align-justify\"><span class=\"wsw-02\">WhatsGPS le ofrece la mejor manera de tener informaci\u00f3n en tiempo real sobre la ubicaci\u00f3n y uso de sus veh\u00edculos. Usted ahorra dinero en combustible, tel\u00e9fonos celulares y otros costos operativos, aumenta la productividad y evita la p\u00e9rdida o el robo de veh\u00edculos y equipos.<\/span><\/p><p><span class=\"wsw-02\">Accede a la informaci\u00f3n de seguimiento utilizando la plataforma. Puede ver la informaci\u00f3n de ubicaci\u00f3n en tiempo real que se muestra en un mapa,\u00a0 el uso del veh\u00edculo (como la pista hist\u00f3rica, la direcci\u00f3n de parada frecuente y mucho m\u00e1s). Recibe alertas en vivo para eventos espec\u00edficos, como que un conductor abandone un \u00e1rea definida.<\/span><\/p><\/div><\/div><\/div><\/div>\t\t\t\t\t\t<\/div>\n\t\t\t\t<\/div>\n\t\t\t\t\t<\/div>\n\t\t<\/div>\n\t\t\t\t\t\t\t<\/div>\n\t\t<\/section>\n\t\t\t\t\t\t\t<\/div>\n\t\t","protected":false},"excerpt":{"rendered":"<p>localizador gps descubra por qu\u00e9 su veh\u00edculo necesita un localizador gps El 4G LTE GPS de Vaporauto es un dispositivo de seguimiento de veh\u00edculos 4G CAT1 global, que admite la tecnolog\u00eda de posicionamiento dual GPS\/BDS, realiza el posicionamiento en micro segundos y la transmisi\u00f3n de retorno de baja latencia, m\u00e1s de 10 mecanismos de alarma &hellip;<\/p>\n<p class=\"read-more\"> <a class=\"\" href=\"https:\/\/vaporautode.com\/index.php\/wash-menu\/\"> <span class=\"screen-reader-text\">Dispositivos GPS<\/span> Leer m\u00e1s &raquo;<\/a><\/p>\n","protected":false},"author":1,"featured_media":0,"parent":0,"menu_order":0,"comment_status":"closed","ping_status":"closed","template":"","meta":{"om_disable_all_campaigns":false,"_monsterinsights_skip_tracking":false,"_monsterinsights_sitenote_active":false,"_monsterinsights_sitenote_note":"","_monsterinsights_sitenote_category":0,"site-sidebar-layout":"no-sidebar","site-content-layout":"page-builder","ast-global-header-display":"","ast-main-header-display":"","ast-hfb-above-header-display":"","ast-hfb-below-header-display":"","ast-hfb-mobile-header-display":"","site-post-title":"disabled","ast-breadcrumbs-content":"","ast-featured-img":"disabled","footer-sml-layout":"","theme-transparent-header-meta":"enabled","adv-header-id-meta":"","stick-header-meta":"","header-above-stick-meta":"","header-main-stick-meta":"","header-below-stick-meta":""},"_links":{"self":[{"href":"https:\/\/vaporautode.com\/index.php\/wp-json\/wp\/v2\/pages\/539"}],"collection":[{"href":"https:\/\/vaporautode.com\/index.php\/wp-json\/wp\/v2\/pages"}],"about":[{"href":"https:\/\/vaporautode.com\/index.php\/wp-json\/wp\/v2\/types\/page"}],"author":[{"embeddable":true,"href":"https:\/\/vaporautode.com\/index.php\/wp-json\/wp\/v2\/users\/1"}],"replies":[{"embeddable":true,"href":"https:\/\/vaporautode.com\/index.php\/wp-json\/wp\/v2\/comments?post=539"}],"version-history":[{"count":35,"href":"https:\/\/vaporautode.com\/index.php\/wp-json\/wp\/v2\/pages\/539\/revisions"}],"predecessor-version":[{"id":834,"href":"https:\/\/vaporautode.com\/index.php\/wp-json\/wp\/v2\/pages\/539\/revisions\/834"}],"wp:attachment":[{"href":"https:\/\/vaporautode.com\/index.php\/wp-json\/wp\/v2\/media?parent=539"}],"curies":[{"name":"wp","href":"https:\/\/api.w.org\/{rel}","templated":true}]}}