{"id":935,"date":"2022-07-08T16:56:50","date_gmt":"2022-07-08T21:56:50","guid":{"rendered":"http:\/\/vaporautode.com\/?post_type=product&#038;p=935"},"modified":"2022-07-08T17:05:39","modified_gmt":"2022-07-08T22:05:39","slug":"native-brazilian-carnauba-spray-wax","status":"publish","type":"product","link":"https:\/\/vaporautode.com\/index.php\/producto\/native-brazilian-carnauba-spray-wax\/","title":{"rendered":"Native Brazilian Carnauba Spray Wax"},"content":{"rendered":"<p>Es una cera de Vonixx, en spray 100% carnauba brasile\u00f1a (pureza tipo 1).<\/p>\n<p>F\u00e1cil de aplicar, acabado de gran brillo y repelencia al agua y suciedad.<\/p>\n<p id=\"tw-target-text\" dir=\"ltr\"><span lang=\"es\" xml:lang=\"es\">Se recomienda su uso despu\u00e9s del lavado completo del coche<\/span><\/p>\n<p>Modo de uso:<\/p>\n<ul>\n<li>Agita el producto antes de abrirlo.<\/li>\n<li>\n<p dir=\"ltr\"><span lang=\"es\" xml:lang=\"es\">D<\/span><span lang=\"es\" xml:lang=\"es\">espu\u00e9s de lavar el veh\u00edculo, roc\u00ede una peque\u00f1a cantidad <\/span><span lang=\"es\" xml:lang=\"es\">en la pintura, en un \u00e1rea que no supere los 60 cm x 60 cm.<\/span><\/p>\n<\/li>\n<li>\n<p dir=\"ltr\"><span lang=\"es\" xml:lang=\"es\">Exti\u00e9ndalo r\u00e1pidamente con una toalla de microfibra limpia y seca (no deje que el producto se seque)<\/span><\/p>\n<\/li>\n<li>\n<p dir=\"ltr\"><span lang=\"es\" xml:lang=\"es\">De inmediato, para finalizar el procedimiento, pula la superficie con una toalla de microfibra seca<\/span><\/p>\n<\/li>\n<li>\n<p dir=\"ltr\"><span lang=\"es\" xml:lang=\"es\">Continuar con el mismo procedimiento en todo el veh\u00edculo.<\/span><\/p>\n<\/li>\n<\/ul>\n","protected":false},"excerpt":{"rendered":"<p>Native Brazilian Carnauba Spray Wax<\/p>\n","protected":false},"featured_media":936,"comment_status":"closed","ping_status":"closed","template":"","meta":{"om_disable_all_campaigns":false,"_monsterinsights_skip_tracking":false,"_monsterinsights_sitenote_active":false,"_monsterinsights_sitenote_note":"","_monsterinsights_sitenote_category":0,"site-sidebar-layout":"default","site-content-layout":"default","ast-global-header-display":"","ast-main-header-display":"","ast-hfb-above-header-display":"","ast-hfb-below-header-display":"","ast-hfb-mobile-header-display":"","site-post-title":"","ast-breadcrumbs-content":"","ast-featured-img":"","footer-sml-layout":"","theme-transparent-header-meta":"default","adv-header-id-meta":"","stick-header-meta":"","header-above-stick-meta":"","header-main-stick-meta":"","header-below-stick-meta":""},"product_cat":[20],"product_tag":[21,22],"_links":{"self":[{"href":"https:\/\/vaporautode.com\/index.php\/wp-json\/wp\/v2\/product\/935"}],"collection":[{"href":"https:\/\/vaporautode.com\/index.php\/wp-json\/wp\/v2\/product"}],"about":[{"href":"https:\/\/vaporautode.com\/index.php\/wp-json\/wp\/v2\/types\/product"}],"replies":[{"embeddable":true,"href":"https:\/\/vaporautode.com\/index.php\/wp-json\/wp\/v2\/comments?post=935"}],"wp:featuredmedia":[{"embeddable":true,"href":"https:\/\/vaporautode.com\/index.php\/wp-json\/wp\/v2\/media\/936"}],"wp:attachment":[{"href":"https:\/\/vaporautode.com\/index.php\/wp-json\/wp\/v2\/media?parent=935"}],"wp:term":[{"taxonomy":"product_cat","embeddable":true,"href":"https:\/\/vaporautode.com\/index.php\/wp-json\/wp\/v2\/product_cat?post=935"},{"taxonomy":"product_tag","embeddable":true,"href":"https:\/\/vaporautode.com\/index.php\/wp-json\/wp\/v2\/product_tag?post=935"}],"curies":[{"name":"wp","href":"https:\/\/api.w.org\/{rel}","templated":true}]}}