{"id":937,"date":"2022-07-08T17:06:48","date_gmt":"2022-07-08T22:06:48","guid":{"rendered":"http:\/\/vaporautode.com\/?post_type=product&#038;p=937"},"modified":"2022-07-08T17:30:38","modified_gmt":"2022-07-08T22:30:38","slug":"blend-brazilian-carnauba-spray-wax","status":"publish","type":"product","link":"https:\/\/vaporautode.com\/index.php\/producto\/blend-brazilian-carnauba-spray-wax\/","title":{"rendered":"Blend Brazilian Carnauba Spray Wax"},"content":{"rendered":"<p id=\"tw-target-text\" dir=\"ltr\"><span lang=\"es\" xml:lang=\"es\">Este producto de Vonixx, nace de la uni\u00f3n la m\u00e1s pura cera de carna\u00faba brasile\u00f1a tipo 1, y el m\u00e1s moderno revestimiento cer\u00e1mico.\u00a0<\/span><\/p>\n<p dir=\"ltr\"><span lang=\"es\" xml:lang=\"es\">Gran brillo, alta resistencia y una protecci\u00f3n que dura hasta 4 meses hacen que este producto sea \u00fanico en el mercado.<\/span><\/p>\n<p id=\"tw-target-text\" dir=\"ltr\"><span lang=\"es\" xml:lang=\"es\">La cera de carna\u00faba es conocida por proporcionar un brillo c\u00e1lido a la pintura del veh\u00edculo. Debido a la evoluci\u00f3n del mercado, existe una tendencia creciente que se centra en los productos a base de s\u00edlice, debido a la resistencia lograda. <\/span><\/p>\n<p dir=\"ltr\"><span lang=\"es\" xml:lang=\"es\">Con la intensi\u00f3n de fabricar un producto que proporcionara el brillo de la cera Carna\u00faba y la resistencia de los compuestos cer\u00e1micos, Vonixx pens\u00f3 en reunir estas dos materias primas en una sola f\u00f3rmula; el resultado, un s\u00faper producto que proporciona alto brillo y alta resistencia.<br \/>\n<\/span><\/p>\n<p>Modo de uso:<\/p>\n<ul>\n<li>Agita el producto antes de abrirlo.<\/li>\n<li>\n<p dir=\"ltr\"><span lang=\"es\" xml:lang=\"es\">D<\/span><span lang=\"es\" xml:lang=\"es\">espu\u00e9s de lavar el veh\u00edculo, roc\u00ede una peque\u00f1a cantidad <\/span><span lang=\"es\" xml:lang=\"es\">en la pintura, en un \u00e1rea que no supere los 60 cm x 60 cm.<\/span><\/p>\n<\/li>\n<li>\n<p dir=\"ltr\"><span lang=\"es\" xml:lang=\"es\">Exti\u00e9ndalo r\u00e1pidamente con una toalla de microfibra limpia y seca (no deje que el producto se seque)<\/span><\/p>\n<\/li>\n<li>\n<p dir=\"ltr\"><span lang=\"es\" xml:lang=\"es\">De inmediato, para finalizar el procedimiento, pula la superficie con una toalla de microfibra seca<\/span><\/p>\n<\/li>\n<li>\n<p dir=\"ltr\"><span lang=\"es\" xml:lang=\"es\">En caso de manchas repita los pasos 2 y 3<\/span><\/p>\n<\/li>\n<li>\n<p dir=\"ltr\"><span lang=\"es\" xml:lang=\"es\">Continuar con el mismo procedimiento en todo el veh\u00edculo<\/span><\/p>\n<\/li>\n<\/ul>\n","protected":false},"excerpt":{"rendered":"<p>Blend Brazilian Carnauba Spray Wax<\/p>\n","protected":false},"featured_media":938,"comment_status":"closed","ping_status":"closed","template":"","meta":{"om_disable_all_campaigns":false,"_monsterinsights_skip_tracking":false,"_monsterinsights_sitenote_active":false,"_monsterinsights_sitenote_note":"","_monsterinsights_sitenote_category":0,"site-sidebar-layout":"default","site-content-layout":"default","ast-global-header-display":"","ast-main-header-display":"","ast-hfb-above-header-display":"","ast-hfb-below-header-display":"","ast-hfb-mobile-header-display":"","site-post-title":"","ast-breadcrumbs-content":"","ast-featured-img":"","footer-sml-layout":"","theme-transparent-header-meta":"default","adv-header-id-meta":"","stick-header-meta":"","header-above-stick-meta":"","header-main-stick-meta":"","header-below-stick-meta":""},"product_cat":[20],"product_tag":[23,24,22],"_links":{"self":[{"href":"https:\/\/vaporautode.com\/index.php\/wp-json\/wp\/v2\/product\/937"}],"collection":[{"href":"https:\/\/vaporautode.com\/index.php\/wp-json\/wp\/v2\/product"}],"about":[{"href":"https:\/\/vaporautode.com\/index.php\/wp-json\/wp\/v2\/types\/product"}],"replies":[{"embeddable":true,"href":"https:\/\/vaporautode.com\/index.php\/wp-json\/wp\/v2\/comments?post=937"}],"wp:featuredmedia":[{"embeddable":true,"href":"https:\/\/vaporautode.com\/index.php\/wp-json\/wp\/v2\/media\/938"}],"wp:attachment":[{"href":"https:\/\/vaporautode.com\/index.php\/wp-json\/wp\/v2\/media?parent=937"}],"wp:term":[{"taxonomy":"product_cat","embeddable":true,"href":"https:\/\/vaporautode.com\/index.php\/wp-json\/wp\/v2\/product_cat?post=937"},{"taxonomy":"product_tag","embeddable":true,"href":"https:\/\/vaporautode.com\/index.php\/wp-json\/wp\/v2\/product_tag?post=937"}],"curies":[{"name":"wp","href":"https:\/\/api.w.org\/{rel}","templated":true}]}}