{"id":939,"date":"2022-07-08T17:30:58","date_gmt":"2022-07-08T22:30:58","guid":{"rendered":"http:\/\/vaporautode.com\/?post_type=product&#038;p=939"},"modified":"2022-07-11T11:13:00","modified_gmt":"2022-07-11T16:13:00","slug":"sio2-pro","status":"publish","type":"product","link":"https:\/\/vaporautode.com\/index.php\/producto\/sio2-pro\/","title":{"rendered":"SIO2-PRO"},"content":{"rendered":"<p>Vonixx SIO2-PRO Sellador de mantenimiento para el tratamiento cer\u00e1mico. Los pol\u00edmeros de silicona en forma de silanos y siloxanos de cadena larga se utilizan en armon\u00eda para producir un acabado \u00f3ptimo en el coche, dejando una protecci\u00f3n de la pintura de hasta 4 meses.<\/p>\n<p>La combinaci\u00f3n superior de ingredientes aborda solo una cosa, la hidrorrepelencia. Al dejar un toque aterciopelado, el coeficiente de fricci\u00f3n se reduce y el agua simplemente se desliza fuera de la superficie, protegiendo\u00a0la pintura y aportando repelencia al agua y la suciedad<\/p>\n<p>Los coatings\u00a0V-Plastic, V-light y V-Paint pueden tratarse con esta soluci\u00f3n SiO2-PRO, rellenando cada 30-45 d\u00edas mantendr\u00e1 las superficies y extendiendo as\u00ed su durabilidad al tiempo que reduce las posibilidades de que aparezcan ara\u00f1azos.<\/p>\n<p>Instrucciones de uso:<\/p>\n<ol>\n<li>Aseg\u00fararse de que la superficie est\u00e9 limpia y seca.<\/li>\n<li>Agitar bien el producto antes de usar.<\/li>\n<li>Roc\u00edar\u00a0una peque\u00f1a niebla en la superficie sobre un \u00e1rea m\u00e1xima de 60 x 60 cm.<\/li>\n<li>Terminar usando una toalla de microfibra limpia y seca, d\u00e1ndole la vuelta regularmente hasta obtener el acabado deseado.<\/li>\n<li>Continuar con este procedimiento hasta que el veh\u00edculo est\u00e9 completamente cubierto.<\/li>\n<\/ol>\n","protected":false},"excerpt":{"rendered":"<p>SIO2-PRO<\/p>\n","protected":false},"featured_media":944,"comment_status":"closed","ping_status":"closed","template":"","meta":{"om_disable_all_campaigns":false,"_monsterinsights_skip_tracking":false,"_monsterinsights_sitenote_active":false,"_monsterinsights_sitenote_note":"","_monsterinsights_sitenote_category":0,"site-sidebar-layout":"default","site-content-layout":"default","ast-global-header-display":"","ast-main-header-display":"","ast-hfb-above-header-display":"","ast-hfb-below-header-display":"","ast-hfb-mobile-header-display":"","site-post-title":"","ast-breadcrumbs-content":"","ast-featured-img":"","footer-sml-layout":"","theme-transparent-header-meta":"default","adv-header-id-meta":"","stick-header-meta":"","header-above-stick-meta":"","header-main-stick-meta":"","header-below-stick-meta":""},"product_cat":[20],"product_tag":[25,22],"_links":{"self":[{"href":"https:\/\/vaporautode.com\/index.php\/wp-json\/wp\/v2\/product\/939"}],"collection":[{"href":"https:\/\/vaporautode.com\/index.php\/wp-json\/wp\/v2\/product"}],"about":[{"href":"https:\/\/vaporautode.com\/index.php\/wp-json\/wp\/v2\/types\/product"}],"replies":[{"embeddable":true,"href":"https:\/\/vaporautode.com\/index.php\/wp-json\/wp\/v2\/comments?post=939"}],"wp:featuredmedia":[{"embeddable":true,"href":"https:\/\/vaporautode.com\/index.php\/wp-json\/wp\/v2\/media\/944"}],"wp:attachment":[{"href":"https:\/\/vaporautode.com\/index.php\/wp-json\/wp\/v2\/media?parent=939"}],"wp:term":[{"taxonomy":"product_cat","embeddable":true,"href":"https:\/\/vaporautode.com\/index.php\/wp-json\/wp\/v2\/product_cat?post=939"},{"taxonomy":"product_tag","embeddable":true,"href":"https:\/\/vaporautode.com\/index.php\/wp-json\/wp\/v2\/product_tag?post=939"}],"curies":[{"name":"wp","href":"https:\/\/api.w.org\/{rel}","templated":true}]}}