{"id":947,"date":"2022-07-11T11:33:51","date_gmt":"2022-07-11T16:33:51","guid":{"rendered":"http:\/\/vaporautode.com\/?post_type=product&#038;p=947"},"modified":"2022-07-11T15:42:19","modified_gmt":"2022-07-11T20:42:19","slug":"v-leather-50-ml","status":"publish","type":"product","link":"https:\/\/vaporautode.com\/index.php\/producto\/v-leather-50-ml\/","title":{"rendered":"V-Leather 50 Ml."},"content":{"rendered":"<p><strong>Vonixx V-LEATHER<\/strong> es un coating cer\u00e1mico para cuero, a base de nanopart\u00edculas derivadas del silicio, que tiene una alta resistencia y fuerza hidr\u00f3foba. V-leather hace una pel\u00edcula oculta muy flexible que protege el cuero hasta por 1 a\u00f1o, lo que tambi\u00e9n lo protege de los rayos UV. Adem\u00e1s, previene la propagaci\u00f3n de hongos y bacterias, mejora la resistencia a la fricci\u00f3n, ayuda a prevenir las manchas causadas por l\u00edquidos convencionales y suciedad.<\/p>\n<p>Este coating suaviza la piel, no cambia el color original y permite que el material respire. Protecci\u00f3n de 1 a\u00f1o en asientos de cuero o cuero sint\u00e9tico.<\/p>\n<p>Caracter\u00edsticas:<\/p>\n<ul>\n<li>F\u00e1cil aplicaci\u00f3n.<\/li>\n<li>Producto hidrof\u00f3bico<\/li>\n<li>Repele los l\u00edquidos y la suciedad.<\/li>\n<li>Reduce la propagaci\u00f3n de hongos y bacterias.<\/li>\n<li>Alta durabilidad, protecci\u00f3n de la originalidad e hidrataci\u00f3n del cuero.<\/li>\n<li>Incrementa la vida \u00fatil de la pieza.<\/li>\n<\/ul>\n<p>C\u00f3mo utilizar:<\/p>\n<ul>\n<li>Limpiar la superficie de cuero a tratar<\/li>\n<li>Dejar que el cuero se seque de forma natural o utilizar una microfibra seca para acelerar el proceso, ya que la humedad puede dificultar la adherencia del producto.<\/li>\n<li>Colocar unas gotas de V-Leather en el aplicador de espuma contenido en la caja y aplicar sobre el cuero, en un \u00e1rea no mayor a 50cm x 50cm.<\/li>\n<li>Repartir uniformemente, observando con mucho cuidado el acabado, para evitar manchas.<\/li>\n<li>El curado parcial del producto es de 6 horas. Durante este per\u00edodo, mantener\u00a0el veh\u00edculo protegido de las inclemencias del tiempo.\u00a0La segunda mano de V-Leather se puede aplicar despu\u00e9s de 30 minutos. el tiempo total de curado es de unas 72 horas.<\/li>\n<\/ul>\n<p>Nota: Para una apariencia mate, terminar usando una toalla de microfibra 100% seca. Para un acabado satinado, no es necesario utilizar microfibra seca.<\/p>\n","protected":false},"excerpt":{"rendered":"<p>V-Leather 50 Ml.<\/p>\n","protected":false},"featured_media":957,"comment_status":"closed","ping_status":"closed","template":"","meta":{"om_disable_all_campaigns":false,"_monsterinsights_skip_tracking":false,"_monsterinsights_sitenote_active":false,"_monsterinsights_sitenote_note":"","_monsterinsights_sitenote_category":0,"site-sidebar-layout":"default","site-content-layout":"default","ast-global-header-display":"","ast-main-header-display":"","ast-hfb-above-header-display":"","ast-hfb-below-header-display":"","ast-hfb-mobile-header-display":"","site-post-title":"","ast-breadcrumbs-content":"","ast-featured-img":"","footer-sml-layout":"","theme-transparent-header-meta":"default","adv-header-id-meta":"","stick-header-meta":"","header-above-stick-meta":"","header-main-stick-meta":"","header-below-stick-meta":""},"product_cat":[20],"product_tag":[28,29,30,22],"_links":{"self":[{"href":"https:\/\/vaporautode.com\/index.php\/wp-json\/wp\/v2\/product\/947"}],"collection":[{"href":"https:\/\/vaporautode.com\/index.php\/wp-json\/wp\/v2\/product"}],"about":[{"href":"https:\/\/vaporautode.com\/index.php\/wp-json\/wp\/v2\/types\/product"}],"replies":[{"embeddable":true,"href":"https:\/\/vaporautode.com\/index.php\/wp-json\/wp\/v2\/comments?post=947"}],"wp:featuredmedia":[{"embeddable":true,"href":"https:\/\/vaporautode.com\/index.php\/wp-json\/wp\/v2\/media\/957"}],"wp:attachment":[{"href":"https:\/\/vaporautode.com\/index.php\/wp-json\/wp\/v2\/media?parent=947"}],"wp:term":[{"taxonomy":"product_cat","embeddable":true,"href":"https:\/\/vaporautode.com\/index.php\/wp-json\/wp\/v2\/product_cat?post=947"},{"taxonomy":"product_tag","embeddable":true,"href":"https:\/\/vaporautode.com\/index.php\/wp-json\/wp\/v2\/product_tag?post=947"}],"curies":[{"name":"wp","href":"https:\/\/api.w.org\/{rel}","templated":true}]}}