{"id":951,"date":"2022-07-11T12:28:43","date_gmt":"2022-07-11T17:28:43","guid":{"rendered":"http:\/\/vaporautode.com\/?post_type=product&#038;p=951"},"modified":"2022-07-11T15:43:58","modified_gmt":"2022-07-11T20:43:58","slug":"v-light-50-ml","status":"publish","type":"product","link":"https:\/\/vaporautode.com\/index.php\/producto\/v-light-50-ml\/","title":{"rendered":"V-Light 50 Ml."},"content":{"rendered":"<p><strong>Vonixx V-LIGHT<\/strong> \u00a0es un coating cer\u00e1mico para faros que ofrece una soluci\u00f3n todo en uno para restaurar y proteger los faros del coche<\/p>\n<p>El producto forma una capa similar al vidrio, el\u00e1stica, muy transparente y resistente, que protege incluso bajo variaciones de alta temperatura durante el funcionamiento de los faros. Tambi\u00e9n,\u00a0\u00a0V-LIGHT ofertas alta protecci\u00f3n UV y tiene propiedades hidrof\u00f3bicas, lo que significa que repele las gotas de agua, sin correr el riesgo de que su faro se agriete o amarillee nuevamente.<\/p>\n<p>En los veh\u00edculos modernos, los faros de policarbonato son la norma, estos pueden oxidarse f\u00e1cilmente y dejar una superficie turbia, y reducen la funci\u00f3n de los faros por la noche.\u00a0V-LIGHT\u00a0Se puede utilizar en faros nuevos y oxidados para una m\u00e1xima protecci\u00f3n.<\/p>\n<p>Instrucciones de uso<\/p>\n<ol>\n<li>Si se va a restaurar faros oxidados, primero lijar cuidadosamente los faros con papel de lija de grano muy fino y agua.<\/li>\n<li>En caso contrario\u00a0\u00a0aplicar generosas cantidades de producto utilizando el aplicador suministrado en movimientos horizontales,<\/li>\n<li>Utilizar una toalla de microfibra\u00a0para cubrir toda la superficie de la lente del faro, asegurar que se aplique una capa uniforme.<\/li>\n<li>Para faros nuevos, descontaminar y luego limpiar la superficie. Aplicar el producto en peque\u00f1as cantidades y retirar el sobrante con una toalla de microfibra limpia y seca.<\/li>\n<li>Una vez completado, dejar el veh\u00edculo en un \u00e1rea protegida contra la intemperie durante al menos 6 horas para curar parcialmente. El curado completo tarda unas 66-72 horas.<\/li>\n<\/ol>\n","protected":false},"excerpt":{"rendered":"<p>V-Light 50 Ml.<\/p>\n","protected":false},"featured_media":959,"comment_status":"closed","ping_status":"closed","template":"","meta":{"om_disable_all_campaigns":false,"_monsterinsights_skip_tracking":false,"_monsterinsights_sitenote_active":false,"_monsterinsights_sitenote_note":"","_monsterinsights_sitenote_category":0,"site-sidebar-layout":"default","site-content-layout":"default","ast-global-header-display":"","ast-main-header-display":"","ast-hfb-above-header-display":"","ast-hfb-below-header-display":"","ast-hfb-mobile-header-display":"","site-post-title":"","ast-breadcrumbs-content":"","ast-featured-img":"","footer-sml-layout":"","theme-transparent-header-meta":"default","adv-header-id-meta":"","stick-header-meta":"","header-above-stick-meta":"","header-main-stick-meta":"","header-below-stick-meta":""},"product_cat":[20],"product_tag":[33,34,30,22],"_links":{"self":[{"href":"https:\/\/vaporautode.com\/index.php\/wp-json\/wp\/v2\/product\/951"}],"collection":[{"href":"https:\/\/vaporautode.com\/index.php\/wp-json\/wp\/v2\/product"}],"about":[{"href":"https:\/\/vaporautode.com\/index.php\/wp-json\/wp\/v2\/types\/product"}],"replies":[{"embeddable":true,"href":"https:\/\/vaporautode.com\/index.php\/wp-json\/wp\/v2\/comments?post=951"}],"wp:featuredmedia":[{"embeddable":true,"href":"https:\/\/vaporautode.com\/index.php\/wp-json\/wp\/v2\/media\/959"}],"wp:attachment":[{"href":"https:\/\/vaporautode.com\/index.php\/wp-json\/wp\/v2\/media?parent=951"}],"wp:term":[{"taxonomy":"product_cat","embeddable":true,"href":"https:\/\/vaporautode.com\/index.php\/wp-json\/wp\/v2\/product_cat?post=951"},{"taxonomy":"product_tag","embeddable":true,"href":"https:\/\/vaporautode.com\/index.php\/wp-json\/wp\/v2\/product_tag?post=951"}],"curies":[{"name":"wp","href":"https:\/\/api.w.org\/{rel}","templated":true}]}}