{"id":956,"date":"2022-07-11T15:38:22","date_gmt":"2022-07-11T20:38:22","guid":{"rendered":"http:\/\/vaporautode.com\/?post_type=product&#038;p=956"},"modified":"2022-07-11T15:41:38","modified_gmt":"2022-07-11T20:41:38","slug":"v-plastic-20-ml","status":"publish","type":"product","link":"https:\/\/vaporautode.com\/index.php\/producto\/v-plastic-20-ml\/","title":{"rendered":"V-Plastic 20 ml."},"content":{"rendered":"<p><strong>Vonixx V-PLASTIC<\/strong>\u00a0es un coating cer\u00e1mico\u00a0semipermanente, desarrollado exclusivamente para el tratamiento de superficies pl\u00e1sticas, con el fin de renovar y restaurar el pl\u00e1stico por un per\u00edodo de hasta tres a\u00f1os. Aporta\u00a0protecci\u00f3n y resistencia a los rayos UV. Tambi\u00e9n se puede utilizar en pl\u00e1sticos nuevos, para evitar la degradaci\u00f3n del material y alargar su vida hasta tres veces. Se puede aplicar a parachoques, paneles y laterales de puertas.<\/p>\n<p>Dejar siempre el envase cerrado para evitar la solidificaci\u00f3n del producto.\u00a0V-Plastic se puede utilizar en metales y tambi\u00e9n en el proceso de acristalamiento de motores.\u00a0No recomendamos usar V-Plastic en cuero, pintura y faros.<\/p>\n<p>INSTRUCCIONES:<\/p>\n<ol>\n<li>Lavar la superficie de pl\u00e1stico;<\/li>\n<li>Descontaminar el pl\u00e1stico para eliminar cualquier residuo no deseado o exceso de otros productos;<\/li>\n<li>Aplicar el producto uniformemente con el aplicador de espuma incluido sobre toda la superficie. Para menos brillo, retirar el exceso con una toalla de microfibra limpia y seca;<\/li>\n<li>Si es necesario, aplicar una segunda capa despu\u00e9s de 3 horas de la primera aplicaci\u00f3n.<\/li>\n<li>El curado parcial del producto es de 6 horas. Durante este per\u00edodo, mantener\u00a0el veh\u00edculo protegido de las inclemencias del tiempo. Tiempo total de curado 72 horas.<\/li>\n<\/ol>\n","protected":false},"excerpt":{"rendered":"<p>V-Plastic<\/p>\n","protected":false},"featured_media":955,"comment_status":"closed","ping_status":"closed","template":"","meta":{"om_disable_all_campaigns":false,"_monsterinsights_skip_tracking":false,"_monsterinsights_sitenote_active":false,"_monsterinsights_sitenote_note":"","_monsterinsights_sitenote_category":0,"site-sidebar-layout":"default","site-content-layout":"default","ast-global-header-display":"","ast-main-header-display":"","ast-hfb-above-header-display":"","ast-hfb-below-header-display":"","ast-hfb-mobile-header-display":"","site-post-title":"","ast-breadcrumbs-content":"","ast-featured-img":"","footer-sml-layout":"","theme-transparent-header-meta":"default","adv-header-id-meta":"","stick-header-meta":"","header-above-stick-meta":"","header-main-stick-meta":"","header-below-stick-meta":""},"product_cat":[20],"product_tag":[25,22],"_links":{"self":[{"href":"https:\/\/vaporautode.com\/index.php\/wp-json\/wp\/v2\/product\/956"}],"collection":[{"href":"https:\/\/vaporautode.com\/index.php\/wp-json\/wp\/v2\/product"}],"about":[{"href":"https:\/\/vaporautode.com\/index.php\/wp-json\/wp\/v2\/types\/product"}],"replies":[{"embeddable":true,"href":"https:\/\/vaporautode.com\/index.php\/wp-json\/wp\/v2\/comments?post=956"}],"wp:featuredmedia":[{"embeddable":true,"href":"https:\/\/vaporautode.com\/index.php\/wp-json\/wp\/v2\/media\/955"}],"wp:attachment":[{"href":"https:\/\/vaporautode.com\/index.php\/wp-json\/wp\/v2\/media?parent=956"}],"wp:term":[{"taxonomy":"product_cat","embeddable":true,"href":"https:\/\/vaporautode.com\/index.php\/wp-json\/wp\/v2\/product_cat?post=956"},{"taxonomy":"product_tag","embeddable":true,"href":"https:\/\/vaporautode.com\/index.php\/wp-json\/wp\/v2\/product_tag?post=956"}],"curies":[{"name":"wp","href":"https:\/\/api.w.org\/{rel}","templated":true}]}}