{"id":960,"date":"2022-07-11T15:45:52","date_gmt":"2022-07-11T20:45:52","guid":{"rendered":"http:\/\/vaporautode.com\/?post_type=product&#038;p=960"},"modified":"2022-07-11T16:11:04","modified_gmt":"2022-07-11T21:11:04","slug":"carnauba-hybrid-wax-200","status":"publish","type":"product","link":"https:\/\/vaporautode.com\/index.php\/producto\/carnauba-hybrid-wax-200\/","title":{"rendered":"Carnauba Hybrid Wax 200"},"content":{"rendered":"<p>La cera de carnauba es conocida por brindar un brillo c\u00e1lido y propiedades hidrof\u00f3bicas extremas a la pintura del veh\u00edculo. Debido a la evoluci\u00f3n del mercado del cuidado del autom\u00f3vil, existe una tendencia creciente que se centra en los productos h\u00edbridos, principalmente debido a la protecci\u00f3n superior lograda.<\/p>\n<p>Vonixx combin\u00f3 la cera de carnauba brasilera m\u00e1s pura con la tecnolog\u00eda de pol\u00edmeros sint\u00e9ticos m\u00e1s avanzada para crear esta cera en pasta h\u00edbrida, que proporciona un alto nivel de brillo con la protecci\u00f3n de los pol\u00edmeros sint\u00e9ticos de alta calidad, que durar\u00e1n hasta 4 meses.<\/p>\n<p><strong>Uso:<\/strong><\/p>\n<p>Aplicar el producto en peque\u00f1as cantidades usando el aplicador incluido en el paquete, aplicar uniformemente sin dejar espacios.<br \/>\nEspere de 5 a 10 minutos y retire el producto con un pa\u00f1o de microfibra, para obtener un brillo superior, terminar pasando una microfibra de finalizado.<\/p>\n","protected":false},"excerpt":{"rendered":"<p>Carnauba Hybrid Wax 200<\/p>\n","protected":false},"featured_media":961,"comment_status":"closed","ping_status":"closed","template":"","meta":{"om_disable_all_campaigns":false,"_monsterinsights_skip_tracking":false,"_monsterinsights_sitenote_active":false,"_monsterinsights_sitenote_note":"","_monsterinsights_sitenote_category":0,"site-sidebar-layout":"default","site-content-layout":"default","ast-global-header-display":"","ast-main-header-display":"","ast-hfb-above-header-display":"","ast-hfb-below-header-display":"","ast-hfb-mobile-header-display":"","site-post-title":"","ast-breadcrumbs-content":"","ast-featured-img":"","footer-sml-layout":"","theme-transparent-header-meta":"default","adv-header-id-meta":"","stick-header-meta":"","header-above-stick-meta":"","header-main-stick-meta":"","header-below-stick-meta":""},"product_cat":[20],"product_tag":[25,22],"_links":{"self":[{"href":"https:\/\/vaporautode.com\/index.php\/wp-json\/wp\/v2\/product\/960"}],"collection":[{"href":"https:\/\/vaporautode.com\/index.php\/wp-json\/wp\/v2\/product"}],"about":[{"href":"https:\/\/vaporautode.com\/index.php\/wp-json\/wp\/v2\/types\/product"}],"replies":[{"embeddable":true,"href":"https:\/\/vaporautode.com\/index.php\/wp-json\/wp\/v2\/comments?post=960"}],"wp:featuredmedia":[{"embeddable":true,"href":"https:\/\/vaporautode.com\/index.php\/wp-json\/wp\/v2\/media\/961"}],"wp:attachment":[{"href":"https:\/\/vaporautode.com\/index.php\/wp-json\/wp\/v2\/media?parent=960"}],"wp:term":[{"taxonomy":"product_cat","embeddable":true,"href":"https:\/\/vaporautode.com\/index.php\/wp-json\/wp\/v2\/product_cat?post=960"},{"taxonomy":"product_tag","embeddable":true,"href":"https:\/\/vaporautode.com\/index.php\/wp-json\/wp\/v2\/product_tag?post=960"}],"curies":[{"name":"wp","href":"https:\/\/api.w.org\/{rel}","templated":true}]}}