{"id":972,"date":"2022-07-12T11:20:51","date_gmt":"2022-07-12T16:20:51","guid":{"rendered":"http:\/\/vaporautode.com\/?post_type=product&#038;p=972"},"modified":"2022-07-12T11:35:15","modified_gmt":"2022-07-12T16:35:15","slug":"liquido-lustrador","status":"publish","type":"product","link":"https:\/\/vaporautode.com\/index.php\/producto\/liquido-lustrador\/","title":{"rendered":"L\u00edquido lustrador"},"content":{"rendered":"<p>Vonixx Liquido Lustrador 500ml, es un compuesto especialmente desarrollado para ser utilizado en el paso de pulido en pinturas automotrices para eliminar micro ara\u00f1azos, marcas y hologramas.\u00a0 Tiene alto rendimiento y excelente acabado.<\/p>\n<p>Elimina la marca del pad de lana,\u00a0 deja un excelente acabado.<\/p>\n<p>MODO DE USAR:<\/p>\n<p>Agite bien el producto antes de usarlo,<br \/>\nAseg\u00farese de que la superficie est\u00e9 limpia y fr\u00eda,<br \/>\nUse una m\u00e1quina pulidora a velocidades entre 800 y 1,400 rpm,<br \/>\nAplique una peque\u00f1a cantidad del producto en la tapa y, con el equipo apagado, extienda el producto sobre el \u00e1rea que se va a aplicar para evitar salpicaduras,<br \/>\nComience a pulir en un \u00e1rea de aproximadamente 70 cm x 70 cm con una ligera presi\u00f3n,<br \/>\nObserve el brillo deseado. Si es necesario, retire el exceso de producto con una toalla de microfibra hasta completar el acabado.<\/p>\n","protected":false},"excerpt":{"rendered":"<h3>L\u00edquido lustrador<\/h3>\n","protected":false},"featured_media":973,"comment_status":"closed","ping_status":"closed","template":"","meta":{"om_disable_all_campaigns":false,"_monsterinsights_skip_tracking":false,"_monsterinsights_sitenote_active":false,"_monsterinsights_sitenote_note":"","_monsterinsights_sitenote_category":0,"site-sidebar-layout":"default","site-content-layout":"default","ast-global-header-display":"","ast-main-header-display":"","ast-hfb-above-header-display":"","ast-hfb-below-header-display":"","ast-hfb-mobile-header-display":"","site-post-title":"","ast-breadcrumbs-content":"","ast-featured-img":"","footer-sml-layout":"","theme-transparent-header-meta":"default","adv-header-id-meta":"","stick-header-meta":"","header-above-stick-meta":"","header-main-stick-meta":"","header-below-stick-meta":""},"product_cat":[20],"product_tag":[43,44,30,22],"_links":{"self":[{"href":"https:\/\/vaporautode.com\/index.php\/wp-json\/wp\/v2\/product\/972"}],"collection":[{"href":"https:\/\/vaporautode.com\/index.php\/wp-json\/wp\/v2\/product"}],"about":[{"href":"https:\/\/vaporautode.com\/index.php\/wp-json\/wp\/v2\/types\/product"}],"replies":[{"embeddable":true,"href":"https:\/\/vaporautode.com\/index.php\/wp-json\/wp\/v2\/comments?post=972"}],"wp:featuredmedia":[{"embeddable":true,"href":"https:\/\/vaporautode.com\/index.php\/wp-json\/wp\/v2\/media\/973"}],"wp:attachment":[{"href":"https:\/\/vaporautode.com\/index.php\/wp-json\/wp\/v2\/media?parent=972"}],"wp:term":[{"taxonomy":"product_cat","embeddable":true,"href":"https:\/\/vaporautode.com\/index.php\/wp-json\/wp\/v2\/product_cat?post=972"},{"taxonomy":"product_tag","embeddable":true,"href":"https:\/\/vaporautode.com\/index.php\/wp-json\/wp\/v2\/product_tag?post=972"}],"curies":[{"name":"wp","href":"https:\/\/api.w.org\/{rel}","templated":true}]}}