{"id":974,"date":"2022-07-12T11:35:29","date_gmt":"2022-07-12T16:35:29","guid":{"rendered":"http:\/\/vaporautode.com\/?post_type=product&#038;p=974"},"modified":"2022-07-12T11:48:59","modified_gmt":"2022-07-12T16:48:59","slug":"v40","status":"publish","type":"product","link":"https:\/\/vaporautode.com\/index.php\/producto\/v40\/","title":{"rendered":"V40"},"content":{"rendered":"<p>Vonixx V40 500ml 4 en 1, cumple las 4 etapas del proceso de pulido automotriz . Debido al equilibrio perfecto de su formulaci\u00f3n basada en nano abrasivos, cera de carnauba y solventes especiales, el V40 promueve el corte, el refinado, el pulido y la protecci\u00f3n con solo cambiar las boinas. Su f\u00f3rmula exclusiva promueve un excelente acabado , dejando una pel\u00edcula de cera de carnauba altamente hidrof\u00f3bica , con reflejos perfectos y admirables.<\/p>\n<p>\u2022 Contiene cera de carnauba<br \/>\n\u2022 Pulidora de alto rendimiento<br \/>\n\u2022 Corte, refinaci\u00f3n, brillo y protecci\u00f3n<\/p>\n<p>MODO DE USAR:<\/p>\n<p>CORTE: La superficie debe estar limpia y seca. Usando 5 a 6 gotas del producto, p\u00falalo en un \u00e1rea que no exceda los 60X60cm. Bajo presi\u00f3n moderada y velocidad entre 1000 y 1500 rpm, trabaje la pieza en varios pasos hasta que el producto desaparezca. Si es necesario, repita la operaci\u00f3n. El exceso de producto se puede eliminar f\u00e1cilmente con una toalla de microfibra.<\/p>\n<p>REFINACI\u00d3N: Repita el mismo proceso realizado en la etapa de corte, reemplazando solo el pad de corte con un pad de espuma de agresividad media espec\u00edfica para el refinado.<\/p>\n<p>BRILLO: Use de 2 a 3 gotas del producto con un pad de pulido y p\u00falselo en un \u00e1rea no mayor a 60X60cm. Bajo una presi\u00f3n moderada y una velocidad de 1200 rpm, siga trabajando hasta que observe el momento en que el producto comienza a desaparecer de la pieza, en ese momento disminuya gradualmente la rotaci\u00f3n a 800 rpm y la presi\u00f3n de moderada a ligera, siga observando el brillo, hasta que el producto desaparezca por completo.<\/p>\n<p>PROTECCI\u00d3N: Realice el acabado final, usando una toalla de microfibra limpia y seca hasta alcanzar el resultado perfecto, observando una pel\u00edcula extremadamente brillante que deja la carnauba.<\/p>\n","protected":false},"excerpt":{"rendered":"<h3>V40<\/h3>\n","protected":false},"featured_media":975,"comment_status":"closed","ping_status":"closed","template":"","meta":{"om_disable_all_campaigns":false,"_monsterinsights_skip_tracking":false,"_monsterinsights_sitenote_active":false,"_monsterinsights_sitenote_note":"","_monsterinsights_sitenote_category":0,"site-sidebar-layout":"default","site-content-layout":"default","ast-global-header-display":"","ast-main-header-display":"","ast-hfb-above-header-display":"","ast-hfb-below-header-display":"","ast-hfb-mobile-header-display":"","site-post-title":"","ast-breadcrumbs-content":"","ast-featured-img":"","footer-sml-layout":"","theme-transparent-header-meta":"default","adv-header-id-meta":"","stick-header-meta":"","header-above-stick-meta":"","header-main-stick-meta":"","header-below-stick-meta":""},"product_cat":[20],"product_tag":[45,46,30,22],"_links":{"self":[{"href":"https:\/\/vaporautode.com\/index.php\/wp-json\/wp\/v2\/product\/974"}],"collection":[{"href":"https:\/\/vaporautode.com\/index.php\/wp-json\/wp\/v2\/product"}],"about":[{"href":"https:\/\/vaporautode.com\/index.php\/wp-json\/wp\/v2\/types\/product"}],"replies":[{"embeddable":true,"href":"https:\/\/vaporautode.com\/index.php\/wp-json\/wp\/v2\/comments?post=974"}],"wp:featuredmedia":[{"embeddable":true,"href":"https:\/\/vaporautode.com\/index.php\/wp-json\/wp\/v2\/media\/975"}],"wp:attachment":[{"href":"https:\/\/vaporautode.com\/index.php\/wp-json\/wp\/v2\/media?parent=974"}],"wp:term":[{"taxonomy":"product_cat","embeddable":true,"href":"https:\/\/vaporautode.com\/index.php\/wp-json\/wp\/v2\/product_cat?post=974"},{"taxonomy":"product_tag","embeddable":true,"href":"https:\/\/vaporautode.com\/index.php\/wp-json\/wp\/v2\/product_tag?post=974"}],"curies":[{"name":"wp","href":"https:\/\/api.w.org\/{rel}","templated":true}]}}