{"id":976,"date":"2022-07-12T11:49:30","date_gmt":"2022-07-12T16:49:30","guid":{"rendered":"http:\/\/vaporautode.com\/?post_type=product&#038;p=976"},"modified":"2022-07-12T12:08:52","modified_gmt":"2022-07-12T17:08:52","slug":"higicouro","status":"publish","type":"product","link":"https:\/\/vaporautode.com\/index.php\/producto\/higicouro\/","title":{"rendered":"Higicouro"},"content":{"rendered":"<p>Higicouro limpia de forma segura los asientos y otras superficies de cuero de los veh\u00edculos y elimina las impurezas con extrema facilidad, sin da\u00f1ar el material y renovando su apariencia. Se puede utilizar para limpiar cualquier tipo de cuero, natural o sint\u00e9tico, en veh\u00edculos, motocicletas, aviones y embarcaciones.<\/p>\n","protected":false},"excerpt":{"rendered":"<h3>Higicouro<\/h3>\n","protected":false},"featured_media":977,"comment_status":"closed","ping_status":"closed","template":"","meta":{"om_disable_all_campaigns":false,"_monsterinsights_skip_tracking":false,"_monsterinsights_sitenote_active":false,"_monsterinsights_sitenote_note":"","_monsterinsights_sitenote_category":0,"site-sidebar-layout":"default","site-content-layout":"default","ast-global-header-display":"","ast-main-header-display":"","ast-hfb-above-header-display":"","ast-hfb-below-header-display":"","ast-hfb-mobile-header-display":"","site-post-title":"","ast-breadcrumbs-content":"","ast-featured-img":"","footer-sml-layout":"","theme-transparent-header-meta":"default","adv-header-id-meta":"","stick-header-meta":"","header-above-stick-meta":"","header-main-stick-meta":"","header-below-stick-meta":""},"product_cat":[20],"product_tag":[47,48,50,49,30,22],"_links":{"self":[{"href":"https:\/\/vaporautode.com\/index.php\/wp-json\/wp\/v2\/product\/976"}],"collection":[{"href":"https:\/\/vaporautode.com\/index.php\/wp-json\/wp\/v2\/product"}],"about":[{"href":"https:\/\/vaporautode.com\/index.php\/wp-json\/wp\/v2\/types\/product"}],"replies":[{"embeddable":true,"href":"https:\/\/vaporautode.com\/index.php\/wp-json\/wp\/v2\/comments?post=976"}],"wp:featuredmedia":[{"embeddable":true,"href":"https:\/\/vaporautode.com\/index.php\/wp-json\/wp\/v2\/media\/977"}],"wp:attachment":[{"href":"https:\/\/vaporautode.com\/index.php\/wp-json\/wp\/v2\/media?parent=976"}],"wp:term":[{"taxonomy":"product_cat","embeddable":true,"href":"https:\/\/vaporautode.com\/index.php\/wp-json\/wp\/v2\/product_cat?post=976"},{"taxonomy":"product_tag","embeddable":true,"href":"https:\/\/vaporautode.com\/index.php\/wp-json\/wp\/v2\/product_tag?post=976"}],"curies":[{"name":"wp","href":"https:\/\/api.w.org\/{rel}","templated":true}]}}