{"id":980,"date":"2022-07-12T12:19:41","date_gmt":"2022-07-12T17:19:41","guid":{"rendered":"http:\/\/vaporautode.com\/?post_type=product&#038;p=980"},"modified":"2022-07-12T12:29:08","modified_gmt":"2022-07-12T17:29:08","slug":"microlav","status":"publish","type":"product","link":"https:\/\/vaporautode.com\/index.php\/producto\/microlav\/","title":{"rendered":"Microlav"},"content":{"rendered":"<p>Microlav de Vonixx mantiene la suavidad y calidad de las microfibras durante mucho m\u00e1s tiempo, es un producto dise\u00f1ado para lavar y acondicionar pa\u00f1os de microfibra y aplicadores de espuma. Su f\u00f3rmula limpia eficientemente y restaura las fibras, dej\u00e1ndolas como nuevas y s\u00faper suaves.<\/p>\n<p>Modo de uso:<br \/>\nLavado en lavadora:<\/p>\n<p>Utilice 30 ml del producto en el dep\u00f3sito de jab\u00f3n por cada 4 kg de microfibra seca. Elija el modo de lavado<br \/>\n&#8220;suave&#8221;.<\/p>\n<p>Lavado a mano:<\/p>\n<p>Diluir 30 ml del producto en 5 litros de agua. Coloque aproximadamente 800 g de tela en un balde, sumergido<br \/>\npor un per\u00edodo de 30 minutos para que el producto pueda actuar sobre las fibras. Realice el lavado manual frotando hasta que est\u00e9 completamente limpio. Luego enjuague.<\/p>\n<p>Despu\u00e9s del lavado, siempre secar a la sombra, la cantidad de Microlav se puede cambiar m\u00e1s o menos seg\u00fan la suciedad.<\/p>\n","protected":false},"excerpt":{"rendered":"<h3>Microlav<\/h3>\n","protected":false},"featured_media":981,"comment_status":"closed","ping_status":"closed","template":"","meta":{"om_disable_all_campaigns":false,"_monsterinsights_skip_tracking":false,"_monsterinsights_sitenote_active":false,"_monsterinsights_sitenote_note":"","_monsterinsights_sitenote_category":0,"site-sidebar-layout":"default","site-content-layout":"default","ast-global-header-display":"","ast-main-header-display":"","ast-hfb-above-header-display":"","ast-hfb-below-header-display":"","ast-hfb-mobile-header-display":"","site-post-title":"","ast-breadcrumbs-content":"","ast-featured-img":"","footer-sml-layout":"","theme-transparent-header-meta":"default","adv-header-id-meta":"","stick-header-meta":"","header-above-stick-meta":"","header-main-stick-meta":"","header-below-stick-meta":""},"product_cat":[20],"product_tag":[56,54,55,30,22],"_links":{"self":[{"href":"https:\/\/vaporautode.com\/index.php\/wp-json\/wp\/v2\/product\/980"}],"collection":[{"href":"https:\/\/vaporautode.com\/index.php\/wp-json\/wp\/v2\/product"}],"about":[{"href":"https:\/\/vaporautode.com\/index.php\/wp-json\/wp\/v2\/types\/product"}],"replies":[{"embeddable":true,"href":"https:\/\/vaporautode.com\/index.php\/wp-json\/wp\/v2\/comments?post=980"}],"wp:featuredmedia":[{"embeddable":true,"href":"https:\/\/vaporautode.com\/index.php\/wp-json\/wp\/v2\/media\/981"}],"wp:attachment":[{"href":"https:\/\/vaporautode.com\/index.php\/wp-json\/wp\/v2\/media?parent=980"}],"wp:term":[{"taxonomy":"product_cat","embeddable":true,"href":"https:\/\/vaporautode.com\/index.php\/wp-json\/wp\/v2\/product_cat?post=980"},{"taxonomy":"product_tag","embeddable":true,"href":"https:\/\/vaporautode.com\/index.php\/wp-json\/wp\/v2\/product_tag?post=980"}],"curies":[{"name":"wp","href":"https:\/\/api.w.org\/{rel}","templated":true}]}}