{"id":982,"date":"2022-07-12T12:29:19","date_gmt":"2022-07-12T17:29:19","guid":{"rendered":"http:\/\/vaporautode.com\/?post_type=product&#038;p=982"},"modified":"2022-07-12T15:48:10","modified_gmt":"2022-07-12T20:48:10","slug":"restaurax","status":"publish","type":"product","link":"https:\/\/vaporautode.com\/index.php\/producto\/restaurax\/","title":{"rendered":"Restaurax"},"content":{"rendered":"<div id=\"description\" class=\"tab-pane in active\">\n<div class=\"product-description\">\n<div class=\"rte-content\">\n<p><strong>Vonixx Restaurax &#8211; Restaurador de Pl\u00e1sticos<\/strong>\u00a0es un producto desarrollado para restaurar y renovar superficies de pl\u00e1sticos, como el parachoques, paneles, puertas laterales, etc. Su formulaci\u00f3n contiene pol\u00edmeros especiales que, adem\u00e1s de restaurar, protegen la superficie y evitan la degradaci\u00f3n temprana del material pl\u00e1stico.<\/p>\n<p>Instrucciones de uso:<\/p>\n<p>Limpiar a fondo la superficie y luego aplicar el producto con un aplicador de espuma hasta completar la restauraci\u00f3n. Si es necesario, repetir la operaci\u00f3n. Para mantener el pl\u00e1stico siempre nuevo, realizar una aplicaci\u00f3n cada 60 d\u00edas.<\/p>\n<p>&nbsp;<\/p>\n<p>&nbsp;<\/p>\n<\/div>\n<\/div>\n<\/div>\n","protected":false},"excerpt":{"rendered":"<h3>Restaurax<\/h3>\n","protected":false},"featured_media":983,"comment_status":"closed","ping_status":"closed","template":"","meta":{"om_disable_all_campaigns":false,"_monsterinsights_skip_tracking":false,"_monsterinsights_sitenote_active":false,"_monsterinsights_sitenote_note":"","_monsterinsights_sitenote_category":0,"site-sidebar-layout":"default","site-content-layout":"default","ast-global-header-display":"","ast-main-header-display":"","ast-hfb-above-header-display":"","ast-hfb-below-header-display":"","ast-hfb-mobile-header-display":"","site-post-title":"","ast-breadcrumbs-content":"","ast-featured-img":"","footer-sml-layout":"","theme-transparent-header-meta":"default","adv-header-id-meta":"","stick-header-meta":"","header-above-stick-meta":"","header-main-stick-meta":"","header-below-stick-meta":""},"product_cat":[20],"product_tag":[60,59,57,58,30,22],"_links":{"self":[{"href":"https:\/\/vaporautode.com\/index.php\/wp-json\/wp\/v2\/product\/982"}],"collection":[{"href":"https:\/\/vaporautode.com\/index.php\/wp-json\/wp\/v2\/product"}],"about":[{"href":"https:\/\/vaporautode.com\/index.php\/wp-json\/wp\/v2\/types\/product"}],"replies":[{"embeddable":true,"href":"https:\/\/vaporautode.com\/index.php\/wp-json\/wp\/v2\/comments?post=982"}],"wp:featuredmedia":[{"embeddable":true,"href":"https:\/\/vaporautode.com\/index.php\/wp-json\/wp\/v2\/media\/983"}],"wp:attachment":[{"href":"https:\/\/vaporautode.com\/index.php\/wp-json\/wp\/v2\/media?parent=982"}],"wp:term":[{"taxonomy":"product_cat","embeddable":true,"href":"https:\/\/vaporautode.com\/index.php\/wp-json\/wp\/v2\/product_cat?post=982"},{"taxonomy":"product_tag","embeddable":true,"href":"https:\/\/vaporautode.com\/index.php\/wp-json\/wp\/v2\/product_tag?post=982"}],"curies":[{"name":"wp","href":"https:\/\/api.w.org\/{rel}","templated":true}]}}