{"id":988,"date":"2022-07-12T16:15:25","date_gmt":"2022-07-12T21:15:25","guid":{"rendered":"http:\/\/vaporautode.com\/?post_type=product&#038;p=988"},"modified":"2022-07-12T16:26:23","modified_gmt":"2022-07-12T21:26:23","slug":"v-eco","status":"publish","type":"product","link":"https:\/\/vaporautode.com\/index.php\/producto\/v-eco\/","title":{"rendered":"V-Eco"},"content":{"rendered":"<p>Vonixx V-Eco, champ\u00fa de lavado en seco, desarrollado pensando en el planeta, es un producto incre\u00edble para el lavado de autos con un uso m\u00ednimo de agua, para llegar a este desarrollo Vonixx estudi\u00f3 el grado de biodegradabilidad de cada materia prima utilizada y cre\u00f3 una soluci\u00f3n ecol\u00f3gicamente correcta, con materias primas biodegradables y de alto rendimiento.<\/p>\n<p>El producto tiene un sistema de acci\u00f3n exclusivo y una formulaci\u00f3n equilibrada. En su composici\u00f3n se utilizaron surfactantes, solventes ecol\u00f3gicos y ceras especiales como la carnauba. Los tensioactivos especiales ayudan a limpiar, disminuyen la tensi\u00f3n superficial y ayudan a aflojar la suciedad de la pieza. Los solventes ecol\u00f3gicos son responsables de solubilizar parte de esta suciedad, facilitando la limpieza.<\/p>\n<p>La cera de carnauba, por otro lado, reduce el coeficiente de fricci\u00f3n, reduciendo las posibilidades de riesgos y, al mismo tiempo, promueve la protecci\u00f3n y el brillo. Si se considera el uso de 300 ml del producto por autom\u00f3vil, en la diluci\u00f3n 1:50, que ser\u00eda una limpieza ligera, el rendimiento es de hasta 250 veh\u00edculos peque\u00f1os por cada 1.5 L de producto.<\/p>\n<p>DILUCI\u00d3N<br \/>\nSeg\u00fan tipos de limpieza:<\/p>\n<p>Diluci\u00f3n pesada : 1:15 (superficie con arcilla o barro);<br \/>\nDiluci\u00f3n convencional &#8211; 1:30 (suciedad convencional con exceso de polvo y leves marcas de lodo);<br \/>\nLuz y mantenimiento &#8211; 1:50 (polvo diferente).<\/p>\n<p>Limpieza sin fricci\u00f3n<br \/>\nEcol\u00f3gicamente correcto<br \/>\nContiene cera de carnauba<\/p>\n","protected":false},"excerpt":{"rendered":"<h3>V-Eco<\/h3>\n","protected":false},"featured_media":989,"comment_status":"closed","ping_status":"closed","template":"","meta":{"om_disable_all_campaigns":false,"_monsterinsights_skip_tracking":false,"_monsterinsights_sitenote_active":false,"_monsterinsights_sitenote_note":"","_monsterinsights_sitenote_category":0,"site-sidebar-layout":"default","site-content-layout":"default","ast-global-header-display":"","ast-main-header-display":"","ast-hfb-above-header-display":"","ast-hfb-below-header-display":"","ast-hfb-mobile-header-display":"","site-post-title":"","ast-breadcrumbs-content":"","ast-featured-img":"","footer-sml-layout":"","theme-transparent-header-meta":"default","adv-header-id-meta":"","stick-header-meta":"","header-above-stick-meta":"","header-main-stick-meta":"","header-below-stick-meta":""},"product_cat":[20],"product_tag":[66,67,68,69,30,22],"_links":{"self":[{"href":"https:\/\/vaporautode.com\/index.php\/wp-json\/wp\/v2\/product\/988"}],"collection":[{"href":"https:\/\/vaporautode.com\/index.php\/wp-json\/wp\/v2\/product"}],"about":[{"href":"https:\/\/vaporautode.com\/index.php\/wp-json\/wp\/v2\/types\/product"}],"replies":[{"embeddable":true,"href":"https:\/\/vaporautode.com\/index.php\/wp-json\/wp\/v2\/comments?post=988"}],"wp:featuredmedia":[{"embeddable":true,"href":"https:\/\/vaporautode.com\/index.php\/wp-json\/wp\/v2\/media\/989"}],"wp:attachment":[{"href":"https:\/\/vaporautode.com\/index.php\/wp-json\/wp\/v2\/media?parent=988"}],"wp:term":[{"taxonomy":"product_cat","embeddable":true,"href":"https:\/\/vaporautode.com\/index.php\/wp-json\/wp\/v2\/product_cat?post=988"},{"taxonomy":"product_tag","embeddable":true,"href":"https:\/\/vaporautode.com\/index.php\/wp-json\/wp\/v2\/product_tag?post=988"}],"curies":[{"name":"wp","href":"https:\/\/api.w.org\/{rel}","templated":true}]}}