{"id":990,"date":"2022-07-12T16:26:48","date_gmt":"2022-07-12T21:26:48","guid":{"rendered":"http:\/\/vaporautode.com\/?post_type=product&#038;p=990"},"modified":"2022-07-12T16:35:03","modified_gmt":"2022-07-12T21:35:03","slug":"v-lub","status":"publish","type":"product","link":"https:\/\/vaporautode.com\/index.php\/producto\/v-lub\/","title":{"rendered":"V-Lub"},"content":{"rendered":"<p>V-Lub es un lubricante de pintura especialmente desarrollado para su uso junto con V-Bar Vonixx o barras descontaminantes en general. V-Lub contiene agentes lubricantes de \u00faltima generaci\u00f3n que reducen la fricci\u00f3n de la barra descontaminante, lo que permite que la barra descontaminante se deslice suavemente en la pintura y reduce el riesgo de ara\u00f1azos, adem\u00e1s de facilitar el trabajo realizado. El producto contiene pol\u00edmeros de alta tecnolog\u00eda que promueven el brillo y ayudan a proteger la pintura.<\/p>\n<p>Facilita la descontaminaci\u00f3n.<br \/>\nReduce la fricci\u00f3n.<br \/>\nPromueve brillo<\/p>\n","protected":false},"excerpt":{"rendered":"<h3>V-Lub<\/h3>\n","protected":false},"featured_media":991,"comment_status":"closed","ping_status":"closed","template":"","meta":{"om_disable_all_campaigns":false,"_monsterinsights_skip_tracking":false,"_monsterinsights_sitenote_active":false,"_monsterinsights_sitenote_note":"","_monsterinsights_sitenote_category":0,"site-sidebar-layout":"default","site-content-layout":"default","ast-global-header-display":"","ast-main-header-display":"","ast-hfb-above-header-display":"","ast-hfb-below-header-display":"","ast-hfb-mobile-header-display":"","site-post-title":"","ast-breadcrumbs-content":"","ast-featured-img":"","footer-sml-layout":"","theme-transparent-header-meta":"default","adv-header-id-meta":"","stick-header-meta":"","header-above-stick-meta":"","header-main-stick-meta":"","header-below-stick-meta":""},"product_cat":[20],"product_tag":[70,71,30,22],"_links":{"self":[{"href":"https:\/\/vaporautode.com\/index.php\/wp-json\/wp\/v2\/product\/990"}],"collection":[{"href":"https:\/\/vaporautode.com\/index.php\/wp-json\/wp\/v2\/product"}],"about":[{"href":"https:\/\/vaporautode.com\/index.php\/wp-json\/wp\/v2\/types\/product"}],"replies":[{"embeddable":true,"href":"https:\/\/vaporautode.com\/index.php\/wp-json\/wp\/v2\/comments?post=990"}],"wp:featuredmedia":[{"embeddable":true,"href":"https:\/\/vaporautode.com\/index.php\/wp-json\/wp\/v2\/media\/991"}],"wp:attachment":[{"href":"https:\/\/vaporautode.com\/index.php\/wp-json\/wp\/v2\/media?parent=990"}],"wp:term":[{"taxonomy":"product_cat","embeddable":true,"href":"https:\/\/vaporautode.com\/index.php\/wp-json\/wp\/v2\/product_cat?post=990"},{"taxonomy":"product_tag","embeddable":true,"href":"https:\/\/vaporautode.com\/index.php\/wp-json\/wp\/v2\/product_tag?post=990"}],"curies":[{"name":"wp","href":"https:\/\/api.w.org\/{rel}","templated":true}]}}