{"id":992,"date":"2022-07-12T16:35:25","date_gmt":"2022-07-12T21:35:25","guid":{"rendered":"http:\/\/vaporautode.com\/?post_type=product&#038;p=992"},"modified":"2022-07-12T16:49:51","modified_gmt":"2022-07-12T21:49:51","slug":"v-bar","status":"publish","type":"product","link":"https:\/\/vaporautode.com\/index.php\/producto\/v-bar\/","title":{"rendered":"V-Bar"},"content":{"rendered":"<p>V-Bar es una barra de descontaminaci\u00f3n, desarrollada especialmente para eliminar contaminantes en la pintura del veh\u00edculo, como pinturas en aerosol, savia de \u00e1rboles, excrementos recientes de p\u00e1jaros, impactos de insectos, contaminaci\u00f3n industrial, polvo de frenos, pigmentos de asfalto y varios desechos. que da\u00f1an la pintura, dej\u00e1ndola \u00e1spera y sin brillo. El producto se puede utilizar en pintura, vidrio, caucho, cromo y faros.<\/p>\n<p>Si observa contaminantes en la barra, se recomienda lavar en un recipiente con agua limpia y continuar con el proceso. Cuando la barra est\u00e1 excesivamente contaminada, incluso despu\u00e9s de la remodelaci\u00f3n, se recomienda usar otra pieza. La barra se puede remodelar varias veces, siempre que no haya exceso de contaminaci\u00f3n, ya que puede rayar la pintura. La barra es ideal para usar antes de encerar o pulir.<\/p>\n","protected":false},"excerpt":{"rendered":"<h3>V-Bar<\/h3>\n","protected":false},"featured_media":993,"comment_status":"closed","ping_status":"closed","template":"","meta":{"om_disable_all_campaigns":false,"_monsterinsights_skip_tracking":false,"_monsterinsights_sitenote_active":false,"_monsterinsights_sitenote_note":"","_monsterinsights_sitenote_category":0,"site-sidebar-layout":"default","site-content-layout":"default","ast-global-header-display":"","ast-main-header-display":"","ast-hfb-above-header-display":"","ast-hfb-below-header-display":"","ast-hfb-mobile-header-display":"","site-post-title":"","ast-breadcrumbs-content":"","ast-featured-img":"","footer-sml-layout":"","theme-transparent-header-meta":"default","adv-header-id-meta":"","stick-header-meta":"","header-above-stick-meta":"","header-main-stick-meta":"","header-below-stick-meta":""},"product_cat":[20],"product_tag":[73,72,74,75,30,22],"_links":{"self":[{"href":"https:\/\/vaporautode.com\/index.php\/wp-json\/wp\/v2\/product\/992"}],"collection":[{"href":"https:\/\/vaporautode.com\/index.php\/wp-json\/wp\/v2\/product"}],"about":[{"href":"https:\/\/vaporautode.com\/index.php\/wp-json\/wp\/v2\/types\/product"}],"replies":[{"embeddable":true,"href":"https:\/\/vaporautode.com\/index.php\/wp-json\/wp\/v2\/comments?post=992"}],"wp:featuredmedia":[{"embeddable":true,"href":"https:\/\/vaporautode.com\/index.php\/wp-json\/wp\/v2\/media\/993"}],"wp:attachment":[{"href":"https:\/\/vaporautode.com\/index.php\/wp-json\/wp\/v2\/media?parent=992"}],"wp:term":[{"taxonomy":"product_cat","embeddable":true,"href":"https:\/\/vaporautode.com\/index.php\/wp-json\/wp\/v2\/product_cat?post=992"},{"taxonomy":"product_tag","embeddable":true,"href":"https:\/\/vaporautode.com\/index.php\/wp-json\/wp\/v2\/product_tag?post=992"}],"curies":[{"name":"wp","href":"https:\/\/api.w.org\/{rel}","templated":true}]}}