{"id":994,"date":"2022-07-12T16:50:13","date_gmt":"2022-07-12T21:50:13","guid":{"rendered":"http:\/\/vaporautode.com\/?post_type=product&#038;p=994"},"modified":"2022-07-12T16:56:51","modified_gmt":"2022-07-12T21:56:51","slug":"carnauba-express","status":"publish","type":"product","link":"https:\/\/vaporautode.com\/index.php\/producto\/carnauba-express\/","title":{"rendered":"Carna\u00faba Express"},"content":{"rendered":"<p>Carna\u00faba Express es un producto vers\u00e1til, ideal para pintura y cuidados b\u00e1sicos con pl\u00e1sticos. Su f\u00f3rmula contiene carnauba tipo 1 y promueve un excelente acabado, tacto aterciopelado y brillo a la pintura. En pl\u00e1sticos internos y externos act\u00faa en la renovaci\u00f3n del material. El producto se puede usar en toda la superficie del veh\u00edculo, incluidos vidrio, pl\u00e1stico, ruedas, etc. En pl\u00e1sticos, proporciona un acabado mate o satinado, dependiendo de la diluci\u00f3n.<\/p>\n<p>DILUCI\u00d3N:<br \/>\n1: 4 &#8211; Pl\u00e1sticos internos (acabado satinado)<br \/>\n1:20 a 1:50 &#8211; Pintura<br \/>\nPura: pl\u00e1sticos externos, pl\u00e1sticos internos (acabado brillante) y neum\u00e1ticos.<\/p>\n<p>Durabilidad: Hasta treinta d\u00edas en todas las superficies.<\/p>\n<p>Libre de abrasivos<br \/>\nContiene cera de carnauba pura<br \/>\nPara pl\u00e1sticos y acabado de pintura.<\/p>\n","protected":false},"excerpt":{"rendered":"<h3>Carna\u00faba Express<\/h3>\n","protected":false},"featured_media":995,"comment_status":"closed","ping_status":"closed","template":"","meta":{"om_disable_all_campaigns":false,"_monsterinsights_skip_tracking":false,"_monsterinsights_sitenote_active":false,"_monsterinsights_sitenote_note":"","_monsterinsights_sitenote_category":0,"site-sidebar-layout":"default","site-content-layout":"default","ast-global-header-display":"","ast-main-header-display":"","ast-hfb-above-header-display":"","ast-hfb-below-header-display":"","ast-hfb-mobile-header-display":"","site-post-title":"","ast-breadcrumbs-content":"","ast-featured-img":"","footer-sml-layout":"","theme-transparent-header-meta":"default","adv-header-id-meta":"","stick-header-meta":"","header-above-stick-meta":"","header-main-stick-meta":"","header-below-stick-meta":""},"product_cat":[20],"product_tag":[77,76,30,22],"_links":{"self":[{"href":"https:\/\/vaporautode.com\/index.php\/wp-json\/wp\/v2\/product\/994"}],"collection":[{"href":"https:\/\/vaporautode.com\/index.php\/wp-json\/wp\/v2\/product"}],"about":[{"href":"https:\/\/vaporautode.com\/index.php\/wp-json\/wp\/v2\/types\/product"}],"replies":[{"embeddable":true,"href":"https:\/\/vaporautode.com\/index.php\/wp-json\/wp\/v2\/comments?post=994"}],"wp:featuredmedia":[{"embeddable":true,"href":"https:\/\/vaporautode.com\/index.php\/wp-json\/wp\/v2\/media\/995"}],"wp:attachment":[{"href":"https:\/\/vaporautode.com\/index.php\/wp-json\/wp\/v2\/media?parent=994"}],"wp:term":[{"taxonomy":"product_cat","embeddable":true,"href":"https:\/\/vaporautode.com\/index.php\/wp-json\/wp\/v2\/product_cat?post=994"},{"taxonomy":"product_tag","embeddable":true,"href":"https:\/\/vaporautode.com\/index.php\/wp-json\/wp\/v2\/product_tag?post=994"}],"curies":[{"name":"wp","href":"https:\/\/api.w.org\/{rel}","templated":true}]}}